{"id":7087,"date":"2026-02-26T13:50:40","date_gmt":"2026-02-26T12:50:40","guid":{"rendered":"https:\/\/spack-webdesign.de\/rehl-klima\/?page_id=7087"},"modified":"2026-02-26T13:53:26","modified_gmt":"2026-02-26T12:53:26","slug":"solaredge-batteriespeicher","status":"publish","type":"page","link":"https:\/\/spack-webdesign.de\/rehl-klima\/elektro-service\/batteriespeicher\/solaredge-batteriespeicher\/","title":{"rendered":"SolarEdge"},"content":{"rendered":"<div class=\"fusion-fullwidth fullwidth-box fusion-builder-row-1 fusion-flex-container has-pattern-background has-mask-background nonhundred-percent-fullwidth non-hundred-percent-height-scrolling\" style=\"--awb-border-radius-top-left:0px;--awb-border-radius-top-right:0px;--awb-border-radius-bottom-right:0px;--awb-border-radius-bottom-left:0px;--awb-flex-wrap:wrap;\" ><div class=\"fusion-builder-row fusion-row fusion-flex-align-items-flex-start fusion-flex-content-wrap\" style=\"max-width:1216.8px;margin-left: calc(-4% \/ 2 );margin-right: calc(-4% \/ 2 );\"><div class=\"fusion-layout-column fusion_builder_column fusion-builder-column-0 fusion_builder_column_1_1 1_1 fusion-flex-column\" style=\"--awb-padding-bottom:25px;--awb-overflow:hidden;--awb-bg-blend:overlay;--awb-bg-size:cover;--awb-border-color:#d8d8d8;--awb-border-color-hover:#5a80dd;--awb-border-radius:15px 15px 15px 15px;--awb-width-large:100%;--awb-margin-top-large:0px;--awb-spacing-right-large:1.92%;--awb-margin-bottom-large:0px;--awb-spacing-left-large:1.92%;--awb-width-medium:100%;--awb-spacing-right-medium:1.92%;--awb-spacing-left-medium:1.92%;--awb-width-small:100%;--awb-spacing-right-small:1.92%;--awb-spacing-left-small:1.92%;\"><div class=\"fusion-column-wrapper fusion-flex-justify-content-flex-start fusion-content-layout-column\"><div class=\"fusion-image-element \" style=\"--awb-caption-title-font-family:var(--h2_typography-font-family);--awb-caption-title-font-weight:var(--h2_typography-font-weight);--awb-caption-title-font-style:var(--h2_typography-font-style);--awb-caption-title-size:var(--h2_typography-font-size);--awb-caption-title-transform:var(--h2_typography-text-transform);--awb-caption-title-line-height:var(--h2_typography-line-height);--awb-caption-title-letter-spacing:var(--h2_typography-letter-spacing);\"><span class=\" fusion-imageframe imageframe-none imageframe-1 hover-type-none\"><img decoding=\"async\" width=\"227\" height=\"95\" title=\"solaredge\" src=\"https:\/\/spack-webdesign.de\/rehl-klima\/wp-content\/uploads\/2025\/09\/solaredge.png\" alt class=\"img-responsive wp-image-6379\" srcset=\"https:\/\/spack-webdesign.de\/rehl-klima\/wp-content\/uploads\/2025\/09\/solaredge-200x84.png 200w, https:\/\/spack-webdesign.de\/rehl-klima\/wp-content\/uploads\/2025\/09\/solaredge.png 227w\" sizes=\"(max-width: 1024px) 100vw, (max-width: 640px) 100vw, 227px\" \/><\/span><\/div><\/div><\/div><div class=\"fusion-layout-column fusion_builder_column fusion-builder-column-1 fusion_builder_column_1_1 1_1 fusion-flex-column\" style=\"--awb-bg-size:cover;--awb-width-large:100%;--awb-margin-top-large:0px;--awb-spacing-right-large:1.92%;--awb-margin-bottom-large:20px;--awb-spacing-left-large:1.92%;--awb-width-medium:100%;--awb-order-medium:0;--awb-spacing-right-medium:1.92%;--awb-spacing-left-medium:1.92%;--awb-width-small:100%;--awb-order-small:0;--awb-spacing-right-small:1.92%;--awb-spacing-left-small:1.92%;\"><div class=\"fusion-column-wrapper fusion-column-has-shadow fusion-flex-justify-content-flex-start fusion-content-layout-column\"><div class=\"fusion-text fusion-text-1\" style=\"--awb-text-color:var(--awb-color7);--awb-text-font-family:&quot;Kumbh Sans&quot;;--awb-text-font-style:normal;--awb-text-font-weight:300;\"><div class=\"flex-shrink-0 flex flex-col relative items-end\">\n<p data-start=\"202\" data-end=\"611\">Mit <strong data-start=\"206\" data-end=\"219\">SolarEdge<\/strong> arbeiten wir mit einem weltweit anerkannten Partner zusammen, der innovative Batteriespeicher- und Backup-L\u00f6sungen f\u00fcr Wohngeb\u00e4ude entwickelt. Die SolarEdge Home Batteries bieten eine hoch effiziente M\u00f6glichkeit, \u00fcbersch\u00fcssigen Solarstrom zu speichern und bei Bedarf wieder bereitzustellen \u2013 f\u00fcr mehr Unabh\u00e4ngigkeit, Effizienz und Versorgungssicherheit.<\/p>\n<p data-start=\"613\" data-end=\"972\">SolarEdge Batteriespeicher integrieren sich nahtlos in bestehende PV-Anlagen und arbeiten effizient mit den SolarEdge-Wechselrichtern zusammen. Die Systeme sind modular aufgebaut, sodass die Speicherkapazit\u00e4t flexibel erweitert werden kann \u2013 von kleineren Heimspeichern bis zu gr\u00f6\u00dferen Kapazit\u00e4ten von bis zu rund 23 kWh.<\/p>\n<p data-start=\"974\" data-end=\"1300\">Ein wichtiger Bestandteil des Gesamtsystems ist das <strong data-start=\"1026\" data-end=\"1061\">SolarEdge Home Backup-Interface<\/strong>. Dieses erkennt Netzunterbrechungen automatisch und erm\u00f6glicht im Zusammenspiel mit der Home Battery eine zuverl\u00e4ssige Notstromversorgung \u2013 wichtige Verbraucher bleiben auch bei Stromausfall versorgt.<\/p>\n<p data-start=\"1302\" data-end=\"1693\">Dank moderner DC-gekoppelter Technologie zeichnen sich SolarEdge Batteriespeicher durch einen hohen Wirkungsgrad aus und stellen sicher, dass m\u00f6glichst viel selbst erzeugte Energie auch genutzt werden kann. Mit intelligentem Energiemanagement steigern sie den Eigenverbrauch, reduzieren Stromkosten und tragen aktiv zur energetischen Unabh\u00e4ngigkeit bei.<\/p>\n<p data-start=\"1695\" data-end=\"1908\">Als Partner f\u00fcr SolarEdge Batteriespeicher unterst\u00fctzen wir Sie bei der Auswahl der passenden L\u00f6sung f\u00fcr Ihr Zuhause oder Ihr Projekt \u2013 von der ersten Beratung \u00fcber Planung bis zur Installation und Inbetriebnahme.<\/p>\n<\/div>\n<\/div><\/div><\/div><div class=\"fusion-layout-column fusion_builder_column fusion-builder-column-2 fusion_builder_column_1_3 1_3 fusion-flex-column\" style=\"--awb-bg-size:cover;--awb-width-large:33.3333333333%;--awb-margin-top-large:0px;--awb-spacing-right-large:5.76%;--awb-margin-bottom-large:20px;--awb-spacing-left-large:5.76%;--awb-width-medium:100%;--awb-order-medium:0;--awb-spacing-right-medium:1.92%;--awb-spacing-left-medium:1.92%;--awb-width-small:100%;--awb-order-small:0;--awb-spacing-right-small:1.92%;--awb-spacing-left-small:1.92%;\"><div class=\"fusion-column-wrapper fusion-column-has-shadow fusion-flex-justify-content-flex-start fusion-content-layout-column\"><\/div><\/div><div class=\"fusion-layout-column fusion_builder_column fusion-builder-column-3 fusion_builder_column_1_3 1_3 fusion-flex-column\" style=\"--awb-bg-size:cover;--awb-width-large:33.3333333333%;--awb-margin-top-large:75px;--awb-spacing-right-large:5.76%;--awb-margin-bottom-large:75px;--awb-spacing-left-large:5.76%;--awb-width-medium:100%;--awb-order-medium:0;--awb-spacing-right-medium:1.92%;--awb-spacing-left-medium:1.92%;--awb-width-small:100%;--awb-order-small:0;--awb-spacing-right-small:1.92%;--awb-spacing-left-small:1.92%;\"><div class=\"fusion-column-wrapper fusion-column-has-shadow fusion-flex-justify-content-flex-start fusion-content-layout-column\"><div style=\"text-align:center;\"><a class=\"fusion-button button-flat fusion-button-default-size button-default fusion-button-default button-1 fusion-button-default-span fusion-button-default-type awb-b-icon-pos-right\" target=\"_blank\" rel=\"noopener noreferrer\" data-hover=\"icon_position\" href=\"https:\/\/www.solaredge.com\/de\/produkte\/eigenheim\/speicher-und-backup\"><span class=\"fusion-button-text awb-button__text awb-button__text--default\">Mehr erfahren<\/span><i class=\"fa-angle-right fas awb-button__icon awb-button__icon--default button-icon-right\" aria-hidden=\"true\"><\/i><i class=\"fa-angle-right fas awb-button__icon awb-button__icon--default button-icon-right\" aria-hidden=\"true\"><\/i><\/a><\/div><\/div><\/div><div class=\"fusion-layout-column fusion_builder_column fusion-builder-column-4 fusion_builder_column_1_3 1_3 fusion-flex-column\" style=\"--awb-bg-size:cover;--awb-width-large:33.3333333333%;--awb-margin-top-large:0px;--awb-spacing-right-large:5.76%;--awb-margin-bottom-large:20px;--awb-spacing-left-large:5.76%;--awb-width-medium:100%;--awb-order-medium:0;--awb-spacing-right-medium:1.92%;--awb-spacing-left-medium:1.92%;--awb-width-small:100%;--awb-order-small:0;--awb-spacing-right-small:1.92%;--awb-spacing-left-small:1.92%;\"><div class=\"fusion-column-wrapper fusion-column-has-shadow fusion-flex-justify-content-flex-start fusion-content-layout-column\"><\/div><\/div><\/div><\/div>\n","protected":false},"excerpt":{"rendered":"","protected":false},"author":1,"featured_media":0,"parent":7054,"menu_order":0,"comment_status":"closed","ping_status":"closed","template":"100-width.php","meta":{"footnotes":""},"class_list":["post-7087","page","type-page","status-publish","hentry"],"_links":{"self":[{"href":"https:\/\/spack-webdesign.de\/rehl-klima\/wp-json\/wp\/v2\/pages\/7087","targetHints":{"allow":["GET"]}}],"collection":[{"href":"https:\/\/spack-webdesign.de\/rehl-klima\/wp-json\/wp\/v2\/pages"}],"about":[{"href":"https:\/\/spack-webdesign.de\/rehl-klima\/wp-json\/wp\/v2\/types\/page"}],"author":[{"embeddable":true,"href":"https:\/\/spack-webdesign.de\/rehl-klima\/wp-json\/wp\/v2\/users\/1"}],"replies":[{"embeddable":true,"href":"https:\/\/spack-webdesign.de\/rehl-klima\/wp-json\/wp\/v2\/comments?post=7087"}],"version-history":[{"count":2,"href":"https:\/\/spack-webdesign.de\/rehl-klima\/wp-json\/wp\/v2\/pages\/7087\/revisions"}],"predecessor-version":[{"id":7089,"href":"https:\/\/spack-webdesign.de\/rehl-klima\/wp-json\/wp\/v2\/pages\/7087\/revisions\/7089"}],"up":[{"embeddable":true,"href":"https:\/\/spack-webdesign.de\/rehl-klima\/wp-json\/wp\/v2\/pages\/7054"}],"wp:attachment":[{"href":"https:\/\/spack-webdesign.de\/rehl-klima\/wp-json\/wp\/v2\/media?parent=7087"}],"curies":[{"name":"wp","href":"https:\/\/api.w.org\/{rel}","templated":true}]}}