{"id":7034,"date":"2026-02-24T16:35:36","date_gmt":"2026-02-24T15:35:36","guid":{"rendered":"https:\/\/spack-webdesign.de\/rehl-klima\/?page_id=7034"},"modified":"2026-02-24T16:39:46","modified_gmt":"2026-02-24T15:39:46","slug":"panasonic-waermepumpe","status":"publish","type":"page","link":"https:\/\/spack-webdesign.de\/rehl-klima\/heizung-klima-service\/waermepumpe\/panasonic-waermepumpe\/","title":{"rendered":"Panasonic"},"content":{"rendered":"<div class=\"fusion-fullwidth fullwidth-box fusion-builder-row-1 fusion-flex-container has-pattern-background has-mask-background nonhundred-percent-fullwidth non-hundred-percent-height-scrolling\" style=\"--awb-border-radius-top-left:0px;--awb-border-radius-top-right:0px;--awb-border-radius-bottom-right:0px;--awb-border-radius-bottom-left:0px;--awb-flex-wrap:wrap;\" ><div class=\"fusion-builder-row fusion-row fusion-flex-align-items-flex-start fusion-flex-content-wrap\" style=\"max-width:1216.8px;margin-left: calc(-4% \/ 2 );margin-right: calc(-4% \/ 2 );\"><div class=\"fusion-layout-column fusion_builder_column fusion-builder-column-0 fusion_builder_column_1_1 1_1 fusion-flex-column\" style=\"--awb-padding-bottom:25px;--awb-overflow:hidden;--awb-bg-blend:overlay;--awb-bg-size:cover;--awb-border-color:#d8d8d8;--awb-border-color-hover:#5a80dd;--awb-border-radius:15px 15px 15px 15px;--awb-width-large:100%;--awb-margin-top-large:0px;--awb-spacing-right-large:1.92%;--awb-margin-bottom-large:0px;--awb-spacing-left-large:1.92%;--awb-width-medium:100%;--awb-spacing-right-medium:1.92%;--awb-spacing-left-medium:1.92%;--awb-width-small:100%;--awb-spacing-right-small:1.92%;--awb-spacing-left-small:1.92%;\"><div class=\"fusion-column-wrapper fusion-flex-justify-content-flex-start fusion-content-layout-column\"><div class=\"fusion-image-element \" style=\"--awb-margin-top:40px;--awb-max-width:300px;--awb-caption-title-font-family:var(--h2_typography-font-family);--awb-caption-title-font-weight:var(--h2_typography-font-weight);--awb-caption-title-font-style:var(--h2_typography-font-style);--awb-caption-title-size:var(--h2_typography-font-size);--awb-caption-title-transform:var(--h2_typography-text-transform);--awb-caption-title-line-height:var(--h2_typography-line-height);--awb-caption-title-letter-spacing:var(--h2_typography-letter-spacing);\"><span class=\" fusion-imageframe imageframe-none imageframe-1 hover-type-none\"><img decoding=\"async\" width=\"2560\" height=\"594\" title=\"panasonic-logo_\" src=\"https:\/\/spack-webdesign.de\/rehl-klima\/wp-content\/uploads\/2026\/02\/panasonic-logo_-scaled.png\" alt class=\"img-responsive wp-image-7032\" srcset=\"https:\/\/spack-webdesign.de\/rehl-klima\/wp-content\/uploads\/2026\/02\/panasonic-logo_-200x46.png 200w, https:\/\/spack-webdesign.de\/rehl-klima\/wp-content\/uploads\/2026\/02\/panasonic-logo_-400x93.png 400w, https:\/\/spack-webdesign.de\/rehl-klima\/wp-content\/uploads\/2026\/02\/panasonic-logo_-600x139.png 600w, https:\/\/spack-webdesign.de\/rehl-klima\/wp-content\/uploads\/2026\/02\/panasonic-logo_-800x185.png 800w, https:\/\/spack-webdesign.de\/rehl-klima\/wp-content\/uploads\/2026\/02\/panasonic-logo_-1200x278.png 1200w, https:\/\/spack-webdesign.de\/rehl-klima\/wp-content\/uploads\/2026\/02\/panasonic-logo_-scaled.png 2560w\" sizes=\"(max-width: 1024px) 100vw, (max-width: 640px) 100vw, 1200px\" \/><\/span><\/div><\/div><\/div><div class=\"fusion-layout-column fusion_builder_column fusion-builder-column-1 fusion_builder_column_1_1 1_1 fusion-flex-column\" style=\"--awb-bg-size:cover;--awb-width-large:100%;--awb-margin-top-large:0px;--awb-spacing-right-large:1.92%;--awb-margin-bottom-large:20px;--awb-spacing-left-large:1.92%;--awb-width-medium:100%;--awb-order-medium:0;--awb-spacing-right-medium:1.92%;--awb-spacing-left-medium:1.92%;--awb-width-small:100%;--awb-order-small:0;--awb-spacing-right-small:1.92%;--awb-spacing-left-small:1.92%;\"><div class=\"fusion-column-wrapper fusion-column-has-shadow fusion-flex-justify-content-flex-start fusion-content-layout-column\"><div class=\"fusion-text fusion-text-1\" style=\"--awb-text-color:var(--awb-color7);--awb-text-font-family:&quot;Kumbh Sans&quot;;--awb-text-font-style:normal;--awb-text-font-weight:300;\"><div class=\"flex-shrink-0 flex flex-col relative items-end\">\n<p data-start=\"237\" data-end=\"462\"><strong data-start=\"237\" data-end=\"250\">Panasonic<\/strong> geh\u00f6rt zu den international f\u00fchrenden Herstellern moderner W\u00e4rmepumpensysteme. Mit innovativer Technologie und hoher Energieeffizienz bietet das Unternehmen zukunftssichere L\u00f6sungen f\u00fcr Wohn- und Gewerbegeb\u00e4ude.<\/p>\n<p data-start=\"464\" data-end=\"766\">Die W\u00e4rmepumpen von Panasonic nutzen Umweltenergie aus der Luft, um Geb\u00e4ude effizient zu beheizen, zu k\u00fchlen und mit Warmwasser zu versorgen. Dank moderner Inverter-Technologie passen sich die Systeme automatisch dem tats\u00e4chlichen Energiebedarf an und arbeiten besonders stromsparend sowie ger\u00e4uscharm.<\/p>\n<p data-start=\"768\" data-end=\"1103\">Ein gro\u00dfer Vorteil der Panasonic W\u00e4rmepumpen ist ihre Vielseitigkeit. Sie eignen sich sowohl f\u00fcr Neubauten als auch f\u00fcr Modernisierungsprojekte und lassen sich flexibel in bestehende Heizsysteme integrieren. In Kombination mit Photovoltaikanlagen oder Energiemanagementsystemen entsteht ein ganzheitliches, nachhaltiges Energiekonzept.<\/p>\n<p data-start=\"1105\" data-end=\"1366\">Panasonic legt besonderen Wert auf Zuverl\u00e4ssigkeit, langlebige Komponenten und eine pr\u00e4zise Steuerungstechnik. Die Systeme sind f\u00fcr unterschiedliche Leistungsbereiche ausgelegt und bieten komfortable Bedienm\u00f6glichkeiten \u2013 auch per App oder Smart-Home-Anbindung.<\/p>\n<p data-start=\"1368\" data-end=\"1566\">Als Partner von Panasonic setzen wir auf diese leistungsstarke W\u00e4rmepumpentechnologie und begleiten Sie von der Beratung \u00fcber die Planung bis zur fachgerechten Installation und Wartung Ihrer Anlage.<\/p>\n<\/div>\n<\/div><\/div><\/div><div class=\"fusion-layout-column fusion_builder_column fusion-builder-column-2 fusion_builder_column_1_3 1_3 fusion-flex-column\" style=\"--awb-bg-size:cover;--awb-width-large:33.3333333333%;--awb-margin-top-large:0px;--awb-spacing-right-large:5.76%;--awb-margin-bottom-large:20px;--awb-spacing-left-large:5.76%;--awb-width-medium:100%;--awb-order-medium:0;--awb-spacing-right-medium:1.92%;--awb-spacing-left-medium:1.92%;--awb-width-small:100%;--awb-order-small:0;--awb-spacing-right-small:1.92%;--awb-spacing-left-small:1.92%;\"><div class=\"fusion-column-wrapper fusion-column-has-shadow fusion-flex-justify-content-flex-start fusion-content-layout-column\"><\/div><\/div><div class=\"fusion-layout-column fusion_builder_column fusion-builder-column-3 fusion_builder_column_1_3 1_3 fusion-flex-column\" style=\"--awb-bg-size:cover;--awb-width-large:33.3333333333%;--awb-margin-top-large:75px;--awb-spacing-right-large:5.76%;--awb-margin-bottom-large:75px;--awb-spacing-left-large:5.76%;--awb-width-medium:100%;--awb-order-medium:0;--awb-spacing-right-medium:1.92%;--awb-spacing-left-medium:1.92%;--awb-width-small:100%;--awb-order-small:0;--awb-spacing-right-small:1.92%;--awb-spacing-left-small:1.92%;\"><div class=\"fusion-column-wrapper fusion-column-has-shadow fusion-flex-justify-content-flex-start fusion-content-layout-column\"><div style=\"text-align:center;\"><a class=\"fusion-button button-flat fusion-button-default-size button-default fusion-button-default button-1 fusion-button-default-span fusion-button-default-type awb-b-icon-pos-right\" target=\"_blank\" rel=\"noopener noreferrer\" data-hover=\"icon_position\" href=\"https:\/\/www.aircon.panasonic.eu\/DE_de\/\"><span class=\"fusion-button-text awb-button__text awb-button__text--default\">Mehr erfahren<\/span><i class=\"fa-angle-right fas awb-button__icon awb-button__icon--default button-icon-right\" aria-hidden=\"true\"><\/i><i class=\"fa-angle-right fas awb-button__icon awb-button__icon--default button-icon-right\" aria-hidden=\"true\"><\/i><\/a><\/div><\/div><\/div><\/div><\/div>\n","protected":false},"excerpt":{"rendered":"","protected":false},"author":1,"featured_media":0,"parent":6828,"menu_order":0,"comment_status":"closed","ping_status":"closed","template":"100-width.php","meta":{"footnotes":""},"class_list":["post-7034","page","type-page","status-publish","hentry"],"_links":{"self":[{"href":"https:\/\/spack-webdesign.de\/rehl-klima\/wp-json\/wp\/v2\/pages\/7034","targetHints":{"allow":["GET"]}}],"collection":[{"href":"https:\/\/spack-webdesign.de\/rehl-klima\/wp-json\/wp\/v2\/pages"}],"about":[{"href":"https:\/\/spack-webdesign.de\/rehl-klima\/wp-json\/wp\/v2\/types\/page"}],"author":[{"embeddable":true,"href":"https:\/\/spack-webdesign.de\/rehl-klima\/wp-json\/wp\/v2\/users\/1"}],"replies":[{"embeddable":true,"href":"https:\/\/spack-webdesign.de\/rehl-klima\/wp-json\/wp\/v2\/comments?post=7034"}],"version-history":[{"count":3,"href":"https:\/\/spack-webdesign.de\/rehl-klima\/wp-json\/wp\/v2\/pages\/7034\/revisions"}],"predecessor-version":[{"id":7037,"href":"https:\/\/spack-webdesign.de\/rehl-klima\/wp-json\/wp\/v2\/pages\/7034\/revisions\/7037"}],"up":[{"embeddable":true,"href":"https:\/\/spack-webdesign.de\/rehl-klima\/wp-json\/wp\/v2\/pages\/6828"}],"wp:attachment":[{"href":"https:\/\/spack-webdesign.de\/rehl-klima\/wp-json\/wp\/v2\/media?parent=7034"}],"curies":[{"name":"wp","href":"https:\/\/api.w.org\/{rel}","templated":true}]}}