{"id":6963,"date":"2026-02-24T11:11:35","date_gmt":"2026-02-24T10:11:35","guid":{"rendered":"https:\/\/spack-webdesign.de\/rehl-klima\/?page_id=6963"},"modified":"2026-02-26T14:47:55","modified_gmt":"2026-02-26T13:47:55","slug":"mepa-heizung-sanitaer","status":"publish","type":"page","link":"https:\/\/spack-webdesign.de\/rehl-klima\/heizung-klima-service\/heizung-sanitaer\/mepa-heizung-sanitaer\/","title":{"rendered":"MEPA"},"content":{"rendered":"<div class=\"fusion-fullwidth fullwidth-box fusion-builder-row-1 fusion-flex-container has-pattern-background has-mask-background nonhundred-percent-fullwidth non-hundred-percent-height-scrolling\" style=\"--awb-border-radius-top-left:0px;--awb-border-radius-top-right:0px;--awb-border-radius-bottom-right:0px;--awb-border-radius-bottom-left:0px;--awb-flex-wrap:wrap;\" ><div class=\"fusion-builder-row fusion-row fusion-flex-align-items-flex-start fusion-flex-content-wrap\" style=\"max-width:1216.8px;margin-left: calc(-4% \/ 2 );margin-right: calc(-4% \/ 2 );\"><div class=\"fusion-layout-column fusion_builder_column fusion-builder-column-0 fusion_builder_column_1_1 1_1 fusion-flex-column\" style=\"--awb-padding-bottom:25px;--awb-overflow:hidden;--awb-bg-blend:overlay;--awb-bg-size:cover;--awb-border-color:#d8d8d8;--awb-border-color-hover:#5a80dd;--awb-border-radius:15px 15px 15px 15px;--awb-width-large:100%;--awb-margin-top-large:0px;--awb-spacing-right-large:1.92%;--awb-margin-bottom-large:0px;--awb-spacing-left-large:1.92%;--awb-width-medium:100%;--awb-spacing-right-medium:1.92%;--awb-spacing-left-medium:1.92%;--awb-width-small:100%;--awb-spacing-right-small:1.92%;--awb-spacing-left-small:1.92%;\"><div class=\"fusion-column-wrapper fusion-flex-justify-content-flex-start fusion-content-layout-column\"><div class=\"fusion-image-element \" style=\"--awb-margin-top:40px;--awb-max-width:400px;--awb-caption-title-font-family:var(--h2_typography-font-family);--awb-caption-title-font-weight:var(--h2_typography-font-weight);--awb-caption-title-font-style:var(--h2_typography-font-style);--awb-caption-title-size:var(--h2_typography-font-size);--awb-caption-title-transform:var(--h2_typography-text-transform);--awb-caption-title-line-height:var(--h2_typography-line-height);--awb-caption-title-letter-spacing:var(--h2_typography-letter-spacing);\"><span class=\" fusion-imageframe imageframe-none imageframe-1 hover-type-none\"><img decoding=\"async\" width=\"1275\" height=\"597\" title=\"mepa_logo4\" src=\"https:\/\/spack-webdesign.de\/rehl-klima\/wp-content\/uploads\/2026\/01\/mepa_logo4.jpg\" alt class=\"img-responsive wp-image-6807\" srcset=\"https:\/\/spack-webdesign.de\/rehl-klima\/wp-content\/uploads\/2026\/01\/mepa_logo4-200x94.jpg 200w, https:\/\/spack-webdesign.de\/rehl-klima\/wp-content\/uploads\/2026\/01\/mepa_logo4-400x187.jpg 400w, https:\/\/spack-webdesign.de\/rehl-klima\/wp-content\/uploads\/2026\/01\/mepa_logo4-600x281.jpg 600w, https:\/\/spack-webdesign.de\/rehl-klima\/wp-content\/uploads\/2026\/01\/mepa_logo4-800x375.jpg 800w, https:\/\/spack-webdesign.de\/rehl-klima\/wp-content\/uploads\/2026\/01\/mepa_logo4-1200x562.jpg 1200w, https:\/\/spack-webdesign.de\/rehl-klima\/wp-content\/uploads\/2026\/01\/mepa_logo4.jpg 1275w\" sizes=\"(max-width: 1024px) 100vw, (max-width: 640px) 100vw, 1200px\" \/><\/span><\/div><\/div><\/div><div class=\"fusion-layout-column fusion_builder_column fusion-builder-column-1 fusion_builder_column_2_3 2_3 fusion-flex-column\" style=\"--awb-bg-size:cover;--awb-width-large:66.6666666667%;--awb-margin-top-large:0px;--awb-spacing-right-large:2.88%;--awb-margin-bottom-large:20px;--awb-spacing-left-large:2.88%;--awb-width-medium:100%;--awb-order-medium:0;--awb-spacing-right-medium:1.92%;--awb-spacing-left-medium:1.92%;--awb-width-small:100%;--awb-order-small:0;--awb-spacing-right-small:1.92%;--awb-spacing-left-small:1.92%;\"><div class=\"fusion-column-wrapper fusion-column-has-shadow fusion-flex-justify-content-flex-start fusion-content-layout-column\"><div class=\"fusion-text fusion-text-1\" style=\"--awb-text-color:var(--awb-color7);--awb-text-font-family:&quot;Kumbh Sans&quot;;--awb-text-font-style:normal;--awb-text-font-weight:300;\"><div class=\"flex-shrink-0 flex flex-col relative items-end\">\n<p data-start=\"279\" data-end=\"633\"><strong data-start=\"279\" data-end=\"287\">MEPA<\/strong> geh\u00f6rt zu den f\u00fchrenden Anbietern moderner Sanit\u00e4rtechnik und bietet durchdachte Systeml\u00f6sungen f\u00fcr Wohn- und Gewerbeimmobilien. Das Unternehmen entwickelt stabile, funktionale und qualitativ hochwertige Produkte, die Installateuren, Planern und Bauherren gleicherma\u00dfen eine sichere und effiziente Umsetzung von Sanit\u00e4reinrichtungen erm\u00f6glichen.<\/p>\n<p data-start=\"635\" data-end=\"1015\">Das Produktspektrum von MEPA umfasst unter anderem <strong data-start=\"686\" data-end=\"723\">Vorwand- und Installationssysteme<\/strong>, bodengleiche Duschl\u00f6sungen, Wanneneinbausysteme sowie moderne Bet\u00e4tigungselemente. Die modularen Systeme sind so konzipiert, dass sie sich flexibel an unterschiedliche Bau- und Nutzungssituationen anpassen lassen \u2013 von der klassischen Badmodernisierung bis zur individuellen Komplettl\u00f6sung.<\/p>\n<p data-start=\"1017\" data-end=\"1351\">Besonderen Wert legt MEPA auf <strong data-start=\"1047\" data-end=\"1104\">Montagefreundlichkeit, Langlebigkeit und Schallschutz<\/strong>. Die robusten Sanit\u00e4rsysteme bieten stabilen Halt f\u00fcr Keramik und Armaturen, erleichtern die Installation und sorgen f\u00fcr dauerhafte Funktionalit\u00e4t. Damit unterst\u00fctzen sie effizientes Arbeiten und erh\u00f6hen die Zuverl\u00e4ssigkeit bei jedem Bauvorhaben.<\/p>\n<p data-start=\"1353\" data-end=\"1593\">Als Partner von MEPA setzen wir auf diese hochwertigen Sanit\u00e4rl\u00f6sungen und begleiten Sie bei der Auswahl, Planung und fachgerechten Umsetzung Ihrer Sanit\u00e4rprojekte \u2013 f\u00fcr ein funktionales, zuverl\u00e4ssiges und \u00e4sthetisch ansprechendes Ergebnis.<\/p>\n<\/div>\n<\/div><\/div><\/div><div class=\"fusion-layout-column fusion_builder_column fusion-builder-column-2 fusion_builder_column_1_3 1_3 fusion-flex-column\" style=\"--awb-bg-size:cover;--awb-width-large:33.3333333333%;--awb-margin-top-large:0px;--awb-spacing-right-large:5.76%;--awb-margin-bottom-large:20px;--awb-spacing-left-large:5.76%;--awb-width-medium:100%;--awb-order-medium:0;--awb-spacing-right-medium:1.92%;--awb-spacing-left-medium:1.92%;--awb-width-small:100%;--awb-order-small:0;--awb-spacing-right-small:1.92%;--awb-spacing-left-small:1.92%;\"><div class=\"fusion-column-wrapper fusion-column-has-shadow fusion-flex-justify-content-flex-start fusion-content-layout-column\"><div class=\"fusion-image-element \" style=\"--awb-aspect-ratio:1 \/ 1;--awb-caption-title-font-family:var(--h2_typography-font-family);--awb-caption-title-font-weight:var(--h2_typography-font-weight);--awb-caption-title-font-style:var(--h2_typography-font-style);--awb-caption-title-size:var(--h2_typography-font-size);--awb-caption-title-transform:var(--h2_typography-text-transform);--awb-caption-title-line-height:var(--h2_typography-line-height);--awb-caption-title-letter-spacing:var(--h2_typography-letter-spacing);\"><span class=\" fusion-imageframe imageframe-none imageframe-2 hover-type-none has-aspect-ratio\"><img decoding=\"async\" width=\"1200\" height=\"1600\" title=\"heizung-3\" src=\"https:\/\/spack-webdesign.de\/rehl-klima\/wp-content\/uploads\/2026\/02\/heizung-3.jpeg\" class=\"img-responsive wp-image-6965 img-with-aspect-ratio\" data-parent-fit=\"cover\" data-parent-container=\".fusion-image-element\" alt srcset=\"https:\/\/spack-webdesign.de\/rehl-klima\/wp-content\/uploads\/2026\/02\/heizung-3-200x267.jpeg 200w, https:\/\/spack-webdesign.de\/rehl-klima\/wp-content\/uploads\/2026\/02\/heizung-3-400x533.jpeg 400w, https:\/\/spack-webdesign.de\/rehl-klima\/wp-content\/uploads\/2026\/02\/heizung-3-600x800.jpeg 600w, https:\/\/spack-webdesign.de\/rehl-klima\/wp-content\/uploads\/2026\/02\/heizung-3-800x1067.jpeg 800w, https:\/\/spack-webdesign.de\/rehl-klima\/wp-content\/uploads\/2026\/02\/heizung-3.jpeg 1200w\" sizes=\"(max-width: 1024px) 100vw, (max-width: 640px) 100vw, 400px\" \/><\/span><\/div><div style=\"text-align:center;\"><a class=\"fusion-button button-flat fusion-button-default-size button-default fusion-button-default button-1 fusion-button-default-span fusion-button-default-type awb-b-icon-pos-right\" style=\"--button_margin-top:40px;\" target=\"_blank\" rel=\"noopener noreferrer\" data-hover=\"icon_position\" href=\"https:\/\/www.mepa.de\/\"><span class=\"fusion-button-text awb-button__text awb-button__text--default\">Mehr erfahren<\/span><i class=\"fa-angle-right fas awb-button__icon awb-button__icon--default button-icon-right\" aria-hidden=\"true\"><\/i><i class=\"fa-angle-right fas awb-button__icon awb-button__icon--default button-icon-right\" aria-hidden=\"true\"><\/i><\/a><\/div><\/div><\/div><div class=\"fusion-layout-column fusion_builder_column fusion-builder-column-3 fusion_builder_column_1_3 1_3 fusion-flex-column\" style=\"--awb-bg-size:cover;--awb-width-large:33.3333333333%;--awb-margin-top-large:0px;--awb-spacing-right-large:5.76%;--awb-margin-bottom-large:20px;--awb-spacing-left-large:5.76%;--awb-width-medium:100%;--awb-order-medium:0;--awb-spacing-right-medium:1.92%;--awb-spacing-left-medium:1.92%;--awb-width-small:100%;--awb-order-small:0;--awb-spacing-right-small:1.92%;--awb-spacing-left-small:1.92%;\"><div class=\"fusion-column-wrapper fusion-column-has-shadow fusion-flex-justify-content-flex-start fusion-content-layout-column\"><\/div><\/div><\/div><\/div>\n","protected":false},"excerpt":{"rendered":"","protected":false},"author":1,"featured_media":0,"parent":6956,"menu_order":0,"comment_status":"closed","ping_status":"closed","template":"100-width.php","meta":{"footnotes":""},"class_list":["post-6963","page","type-page","status-publish","hentry"],"_links":{"self":[{"href":"https:\/\/spack-webdesign.de\/rehl-klima\/wp-json\/wp\/v2\/pages\/6963","targetHints":{"allow":["GET"]}}],"collection":[{"href":"https:\/\/spack-webdesign.de\/rehl-klima\/wp-json\/wp\/v2\/pages"}],"about":[{"href":"https:\/\/spack-webdesign.de\/rehl-klima\/wp-json\/wp\/v2\/types\/page"}],"author":[{"embeddable":true,"href":"https:\/\/spack-webdesign.de\/rehl-klima\/wp-json\/wp\/v2\/users\/1"}],"replies":[{"embeddable":true,"href":"https:\/\/spack-webdesign.de\/rehl-klima\/wp-json\/wp\/v2\/comments?post=6963"}],"version-history":[{"count":4,"href":"https:\/\/spack-webdesign.de\/rehl-klima\/wp-json\/wp\/v2\/pages\/6963\/revisions"}],"predecessor-version":[{"id":7115,"href":"https:\/\/spack-webdesign.de\/rehl-klima\/wp-json\/wp\/v2\/pages\/6963\/revisions\/7115"}],"up":[{"embeddable":true,"href":"https:\/\/spack-webdesign.de\/rehl-klima\/wp-json\/wp\/v2\/pages\/6956"}],"wp:attachment":[{"href":"https:\/\/spack-webdesign.de\/rehl-klima\/wp-json\/wp\/v2\/media?parent=6963"}],"curies":[{"name":"wp","href":"https:\/\/api.w.org\/{rel}","templated":true}]}}