{"id":6895,"date":"2026-02-23T17:52:50","date_gmt":"2026-02-23T16:52:50","guid":{"rendered":"https:\/\/spack-webdesign.de\/rehl-klima\/?page_id=6895"},"modified":"2026-02-26T14:45:52","modified_gmt":"2026-02-26T13:45:52","slug":"remko-klima","status":"publish","type":"page","link":"https:\/\/spack-webdesign.de\/rehl-klima\/heizung-klima-service\/klima\/remko-klima\/","title":{"rendered":"Remko"},"content":{"rendered":"<div class=\"fusion-fullwidth fullwidth-box fusion-builder-row-1 fusion-flex-container has-pattern-background has-mask-background nonhundred-percent-fullwidth non-hundred-percent-height-scrolling\" style=\"--awb-border-radius-top-left:0px;--awb-border-radius-top-right:0px;--awb-border-radius-bottom-right:0px;--awb-border-radius-bottom-left:0px;--awb-flex-wrap:wrap;\" ><div class=\"fusion-builder-row fusion-row fusion-flex-align-items-flex-start fusion-flex-content-wrap\" style=\"max-width:1216.8px;margin-left: calc(-4% \/ 2 );margin-right: calc(-4% \/ 2 );\"><div class=\"fusion-layout-column fusion_builder_column fusion-builder-column-0 fusion_builder_column_1_1 1_1 fusion-flex-column\" style=\"--awb-padding-bottom:25px;--awb-overflow:hidden;--awb-bg-blend:overlay;--awb-bg-size:cover;--awb-border-color:#d8d8d8;--awb-border-color-hover:#5a80dd;--awb-border-radius:15px 15px 15px 15px;--awb-width-large:100%;--awb-margin-top-large:0px;--awb-spacing-right-large:1.92%;--awb-margin-bottom-large:0px;--awb-spacing-left-large:1.92%;--awb-width-medium:100%;--awb-spacing-right-medium:1.92%;--awb-spacing-left-medium:1.92%;--awb-width-small:100%;--awb-spacing-right-small:1.92%;--awb-spacing-left-small:1.92%;\"><div class=\"fusion-column-wrapper fusion-flex-justify-content-flex-start fusion-content-layout-column\"><div class=\"fusion-image-element \" style=\"--awb-margin-top:40px;--awb-max-width:400px;--awb-caption-title-font-family:var(--h2_typography-font-family);--awb-caption-title-font-weight:var(--h2_typography-font-weight);--awb-caption-title-font-style:var(--h2_typography-font-style);--awb-caption-title-size:var(--h2_typography-font-size);--awb-caption-title-transform:var(--h2_typography-text-transform);--awb-caption-title-line-height:var(--h2_typography-line-height);--awb-caption-title-letter-spacing:var(--h2_typography-letter-spacing);\"><span class=\" fusion-imageframe imageframe-none imageframe-1 hover-type-none\"><img decoding=\"async\" width=\"1024\" height=\"563\" title=\"logo_remko\" src=\"https:\/\/spack-webdesign.de\/rehl-klima\/wp-content\/uploads\/2026\/02\/logo_remko-1024x563.jpg\" alt class=\"img-responsive wp-image-6848\" srcset=\"https:\/\/spack-webdesign.de\/rehl-klima\/wp-content\/uploads\/2026\/02\/logo_remko-200x110.jpg 200w, https:\/\/spack-webdesign.de\/rehl-klima\/wp-content\/uploads\/2026\/02\/logo_remko-400x220.jpg 400w, https:\/\/spack-webdesign.de\/rehl-klima\/wp-content\/uploads\/2026\/02\/logo_remko-600x330.jpg 600w, https:\/\/spack-webdesign.de\/rehl-klima\/wp-content\/uploads\/2026\/02\/logo_remko-800x440.jpg 800w, https:\/\/spack-webdesign.de\/rehl-klima\/wp-content\/uploads\/2026\/02\/logo_remko-1200x659.jpg 1200w, https:\/\/spack-webdesign.de\/rehl-klima\/wp-content\/uploads\/2026\/02\/logo_remko.jpg 1820w\" sizes=\"(max-width: 1024px) 100vw, (max-width: 640px) 100vw, 1200px\" \/><\/span><\/div><\/div><\/div><div class=\"fusion-layout-column fusion_builder_column fusion-builder-column-1 fusion_builder_column_1_1 1_1 fusion-flex-column\" style=\"--awb-bg-size:cover;--awb-width-large:100%;--awb-margin-top-large:0px;--awb-spacing-right-large:1.92%;--awb-margin-bottom-large:20px;--awb-spacing-left-large:1.92%;--awb-width-medium:100%;--awb-order-medium:0;--awb-spacing-right-medium:1.92%;--awb-spacing-left-medium:1.92%;--awb-width-small:100%;--awb-order-small:0;--awb-spacing-right-small:1.92%;--awb-spacing-left-small:1.92%;\"><div class=\"fusion-column-wrapper fusion-column-has-shadow fusion-flex-justify-content-flex-start fusion-content-layout-column\"><div class=\"fusion-text fusion-text-1\" style=\"--awb-text-color:var(--awb-color7);--awb-text-font-family:&quot;Kumbh Sans&quot;;--awb-text-font-style:normal;--awb-text-font-weight:300;\"><div class=\"flex-shrink-0 flex flex-col relative items-end\">\n<p data-start=\"280\" data-end=\"636\"><strong data-start=\"280\" data-end=\"289\">Remko<\/strong> z\u00e4hlt zu den etablierten Herstellern hochwertiger Klima- und L\u00fcftungstechnik und bietet mit der <strong data-start=\"386\" data-end=\"403\">Hitline-Serie<\/strong> leistungsstarke L\u00f6sungen f\u00fcr Raumklimatisierung in Wohn- und Arbeitsbereichen. Die Systeme \u00fcberzeugen durch moderne Technik, hohe Effizienz und eine komfortable Bedienung \u2013 ideal f\u00fcr alle, die ihr Raumklima flexibel steuern m\u00f6chten.<\/p>\n<p data-start=\"638\" data-end=\"1016\">Die Hitline-Klimager\u00e4te sind darauf ausgelegt, angenehme Temperaturen das ganze Jahr \u00fcber bereitzustellen. Dank intelligenter Steuerung und energieeffizienter Inverter-Technologie k\u00f6nnen sie nicht nur k\u00fchlen, sondern auf Wunsch auch heizen \u2013 und damit den Komfort im Sommer wie im Winter erh\u00f6hen. Die Ger\u00e4te arbeiten leise, effizient und passen sich dem individuellen Bedarf an.<\/p>\n<p data-start=\"1018\" data-end=\"1401\">Ein weiterer Vorteil der Remko Hitline-Klimasysteme ist ihre Flexibilit\u00e4t: Sie eignen sich f\u00fcr Einfamilienh\u00e4user, Wohnungen, B\u00fcro- oder Gewerber\u00e4ume und lassen sich auch in bestehende Haustechnik-Konfigurationen integrieren. Kombiniert mit Photovoltaikanlagen oder smarten Steuerungsl\u00f6sungen entstehen wirtschaftliche und zukunftssichere Gesamtl\u00f6sungen f\u00fcr effiziente Energienutzung.<\/p>\n<p data-start=\"1403\" data-end=\"1677\">Als Partner von Remko setzen wir auf diese ausgereiften Klima-Technologien und begleiten Sie von der Auswahl \u00fcber die fachgerechte Planung bis zur Installation und Wartung. So bieten wir Ihnen eine ma\u00dfgeschneiderte L\u00f6sung f\u00fcr besseren Wohnkomfort und ein gesundes Raumklima.<\/p>\n<\/div>\n<\/div><\/div><\/div><div class=\"fusion-layout-column fusion_builder_column fusion-builder-column-2 fusion_builder_column_1_3 1_3 fusion-flex-column\" style=\"--awb-bg-size:cover;--awb-width-large:33.3333333333%;--awb-margin-top-large:0px;--awb-spacing-right-large:5.76%;--awb-margin-bottom-large:20px;--awb-spacing-left-large:5.76%;--awb-width-medium:100%;--awb-order-medium:0;--awb-spacing-right-medium:1.92%;--awb-spacing-left-medium:1.92%;--awb-width-small:100%;--awb-order-small:0;--awb-spacing-right-small:1.92%;--awb-spacing-left-small:1.92%;\"><div class=\"fusion-column-wrapper fusion-column-has-shadow fusion-flex-justify-content-flex-start fusion-content-layout-column\"><\/div><\/div><div class=\"fusion-layout-column fusion_builder_column fusion-builder-column-3 fusion_builder_column_1_3 1_3 fusion-flex-column\" style=\"--awb-bg-size:cover;--awb-width-large:33.3333333333%;--awb-margin-top-large:75px;--awb-spacing-right-large:5.76%;--awb-margin-bottom-large:75px;--awb-spacing-left-large:5.76%;--awb-width-medium:100%;--awb-order-medium:0;--awb-spacing-right-medium:1.92%;--awb-spacing-left-medium:1.92%;--awb-width-small:100%;--awb-order-small:0;--awb-spacing-right-small:1.92%;--awb-spacing-left-small:1.92%;\"><div class=\"fusion-column-wrapper fusion-column-has-shadow fusion-flex-justify-content-flex-start fusion-content-layout-column\"><div style=\"text-align:center;\"><a class=\"fusion-button button-flat fusion-button-default-size button-default fusion-button-default button-1 fusion-button-default-span fusion-button-default-type awb-b-icon-pos-right\" target=\"_blank\" rel=\"noopener noreferrer\" data-hover=\"icon_position\" href=\"https:\/\/www.remko.de\/hitline\/\"><span class=\"fusion-button-text awb-button__text awb-button__text--default\">Mehr erfahren<\/span><i class=\"fa-angle-right fas awb-button__icon awb-button__icon--default button-icon-right\" aria-hidden=\"true\"><\/i><i class=\"fa-angle-right fas awb-button__icon awb-button__icon--default button-icon-right\" aria-hidden=\"true\"><\/i><\/a><\/div><\/div><\/div><\/div><\/div>\n","protected":false},"excerpt":{"rendered":"","protected":false},"author":1,"featured_media":0,"parent":6890,"menu_order":0,"comment_status":"closed","ping_status":"closed","template":"100-width.php","meta":{"footnotes":""},"class_list":["post-6895","page","type-page","status-publish","hentry"],"_links":{"self":[{"href":"https:\/\/spack-webdesign.de\/rehl-klima\/wp-json\/wp\/v2\/pages\/6895","targetHints":{"allow":["GET"]}}],"collection":[{"href":"https:\/\/spack-webdesign.de\/rehl-klima\/wp-json\/wp\/v2\/pages"}],"about":[{"href":"https:\/\/spack-webdesign.de\/rehl-klima\/wp-json\/wp\/v2\/types\/page"}],"author":[{"embeddable":true,"href":"https:\/\/spack-webdesign.de\/rehl-klima\/wp-json\/wp\/v2\/users\/1"}],"replies":[{"embeddable":true,"href":"https:\/\/spack-webdesign.de\/rehl-klima\/wp-json\/wp\/v2\/comments?post=6895"}],"version-history":[{"count":3,"href":"https:\/\/spack-webdesign.de\/rehl-klima\/wp-json\/wp\/v2\/pages\/6895\/revisions"}],"predecessor-version":[{"id":7109,"href":"https:\/\/spack-webdesign.de\/rehl-klima\/wp-json\/wp\/v2\/pages\/6895\/revisions\/7109"}],"up":[{"embeddable":true,"href":"https:\/\/spack-webdesign.de\/rehl-klima\/wp-json\/wp\/v2\/pages\/6890"}],"wp:attachment":[{"href":"https:\/\/spack-webdesign.de\/rehl-klima\/wp-json\/wp\/v2\/media?parent=6895"}],"curies":[{"name":"wp","href":"https:\/\/api.w.org\/{rel}","templated":true}]}}